{"id":583,"date":"2023-10-23T18:04:43","date_gmt":"2023-10-23T16:04:43","guid":{"rendered":"https:\/\/acabyceline.com\/?page_id=583"},"modified":"2023-10-23T18:33:34","modified_gmt":"2023-10-23T16:33:34","slug":"organisation-et-tresorerie","status":"publish","type":"page","link":"https:\/\/acabyceline.com\/index.php\/organisation-et-tresorerie\/","title":{"rendered":"Organisation et tr\u00e9sorerie"},"content":{"rendered":"\n<h5 class=\"wp-block-heading\">G\u00e9rer sa tr\u00e9sorerie est indispensable pour \u00e9viter les impay\u00e9s R\u00e9gler ses fournisseurs permet de b\u00e9n\u00e9ficier d&rsquo;une image de professionnel respectueux<\/h5>\n\n\n\n<ul class=\"has-secondary-color has-text-color wp-block-list\">\n<li>Etablissement des devis, saisie des commandes, des factures<\/li>\n\n\n\n<li>Tableau de suivi des ventes et analyse<\/li>\n\n\n\n<li>Campagne commerciale emailing personnalis\u00e9, r\u00e9seaux<\/li>\n\n\n\n<li>Gestion des stocks et inventaire<\/li>\n\n\n\n<li>Cr\u00e9ation et qualification du fichier clients<\/li>\n<\/ul>\n\n\n\n<figure class=\"wp-block-image alignfull size-large\"><img decoding=\"async\" src=\"https:\/\/acabyceline.com\/wp-content\/uploads\/2023\/10\/TRESORERIE-3-1024x576.png\" alt=\"\" class=\"wp-image-594\"\/><\/figure>\n","protected":false},"excerpt":{"rendered":"<p>G\u00e9rer sa tr\u00e9sorerie est indispensable pour \u00e9viter les impay\u00e9s R\u00e9gler ses fournisseurs permet de b\u00e9n\u00e9ficier d&rsquo;une image de professionnel respectueux<\/p>\n","protected":false},"author":1,"featured_media":0,"parent":0,"menu_order":0,"comment_status":"closed","ping_status":"closed","template":"","meta":{"footnotes":""},"class_list":["post-583","page","type-page","status-publish","hentry"],"yoast_head":"<!-- This site is optimized with the Yoast SEO plugin v26.9 - https:\/\/yoast.com\/product\/yoast-seo-wordpress\/ -->\n<title>Organisation et tr\u00e9sorerie - ACA by C\u00e9line - Assistante ind\u00e9pendante pour tous - ANCRE&amp;BUREAU<\/title>\n<meta name=\"robots\" content=\"index, follow, max-snippet:-1, max-image-preview:large, max-video-preview:-1\" \/>\n<link rel=\"canonical\" href=\"https:\/\/acabyceline.com\/index.php\/organisation-et-tresorerie\/\" \/>\n<meta property=\"og:locale\" content=\"fr_FR\" \/>\n<meta property=\"og:type\" content=\"article\" \/>\n<meta property=\"og:title\" content=\"Organisation et tr\u00e9sorerie - ACA by C\u00e9line - Assistante ind\u00e9pendante pour tous - ANCRE&amp;BUREAU\" \/>\n<meta property=\"og:description\" content=\"G\u00e9rer sa tr\u00e9sorerie est indispensable pour \u00e9viter les impay\u00e9s R\u00e9gler ses fournisseurs permet de b\u00e9n\u00e9ficier d&rsquo;une image de professionnel respectueux\" \/>\n<meta property=\"og:url\" content=\"https:\/\/acabyceline.com\/index.php\/organisation-et-tresorerie\/\" \/>\n<meta property=\"og:site_name\" content=\"ACA by C\u00e9line - Assistante ind\u00e9pendante pour tous - ANCRE&amp;BUREAU\" \/>\n<meta property=\"article:modified_time\" content=\"2023-10-23T16:33:34+00:00\" \/>\n<meta property=\"og:image\" content=\"https:\/\/acabyceline.com\/wp-content\/uploads\/2023\/10\/TRESORERIE-3-1024x576.png\" \/>\n<meta name=\"twitter:card\" content=\"summary_large_image\" \/>\n<meta name=\"twitter:label1\" content=\"Dur\u00e9e de lecture estim\u00e9e\" \/>\n\t<meta name=\"twitter:data1\" content=\"1 minute\" \/>\n<script type=\"application\/ld+json\" class=\"yoast-schema-graph\">{\"@context\":\"https:\/\/schema.org\",\"@graph\":[{\"@type\":\"WebPage\",\"@id\":\"https:\/\/acabyceline.com\/index.php\/organisation-et-tresorerie\/\",\"url\":\"https:\/\/acabyceline.com\/index.php\/organisation-et-tresorerie\/\",\"name\":\"Organisation et tr\u00e9sorerie - ACA by C\u00e9line - Assistante ind\u00e9pendante pour tous - ANCRE&amp;BUREAU\",\"isPartOf\":{\"@id\":\"https:\/\/acabyceline.com\/#website\"},\"primaryImageOfPage\":{\"@id\":\"https:\/\/acabyceline.com\/index.php\/organisation-et-tresorerie\/#primaryimage\"},\"image\":{\"@id\":\"https:\/\/acabyceline.com\/index.php\/organisation-et-tresorerie\/#primaryimage\"},\"thumbnailUrl\":\"https:\/\/acabyceline.com\/wp-content\/uploads\/2023\/10\/TRESORERIE-3-1024x576.png\",\"datePublished\":\"2023-10-23T16:04:43+00:00\",\"dateModified\":\"2023-10-23T16:33:34+00:00\",\"breadcrumb\":{\"@id\":\"https:\/\/acabyceline.com\/index.php\/organisation-et-tresorerie\/#breadcrumb\"},\"inLanguage\":\"fr-FR\",\"potentialAction\":[{\"@type\":\"ReadAction\",\"target\":[\"https:\/\/acabyceline.com\/index.php\/organisation-et-tresorerie\/\"]}]},{\"@type\":\"ImageObject\",\"inLanguage\":\"fr-FR\",\"@id\":\"https:\/\/acabyceline.com\/index.php\/organisation-et-tresorerie\/#primaryimage\",\"url\":\"\",\"contentUrl\":\"\"},{\"@type\":\"BreadcrumbList\",\"@id\":\"https:\/\/acabyceline.com\/index.php\/organisation-et-tresorerie\/#breadcrumb\",\"itemListElement\":[{\"@type\":\"ListItem\",\"position\":1,\"name\":\"Accueil\",\"item\":\"https:\/\/acabyceline.com\/\"},{\"@type\":\"ListItem\",\"position\":2,\"name\":\"Organisation et tr\u00e9sorerie\"}]},{\"@type\":\"WebSite\",\"@id\":\"https:\/\/acabyceline.com\/#website\",\"url\":\"https:\/\/acabyceline.com\/\",\"name\":\"ACA by C\u00e9line - Assistante ind\u00e9pendante pour tous - ANCRE&amp;BUREAU\",\"description\":\"Simplifiez votre quotidien avec des prestations administratives sur mesure\",\"publisher\":{\"@id\":\"https:\/\/acabyceline.com\/#\/schema\/person\/fa055a60796298d66def27c97ddde6b9\"},\"potentialAction\":[{\"@type\":\"SearchAction\",\"target\":{\"@type\":\"EntryPoint\",\"urlTemplate\":\"https:\/\/acabyceline.com\/?s={search_term_string}\"},\"query-input\":{\"@type\":\"PropertyValueSpecification\",\"valueRequired\":true,\"valueName\":\"search_term_string\"}}],\"inLanguage\":\"fr-FR\"},{\"@type\":[\"Person\",\"Organization\"],\"@id\":\"https:\/\/acabyceline.com\/#\/schema\/person\/fa055a60796298d66def27c97ddde6b9\",\"name\":\"admin85\",\"image\":{\"@type\":\"ImageObject\",\"inLanguage\":\"fr-FR\",\"@id\":\"https:\/\/acabyceline.com\/#\/schema\/person\/image\/\",\"url\":\"https:\/\/acabyceline.com\/wp-content\/uploads\/2021\/02\/LOGO-ACA-by-Celine-Assistante-transparent.png\",\"contentUrl\":\"https:\/\/acabyceline.com\/wp-content\/uploads\/2021\/02\/LOGO-ACA-by-Celine-Assistante-transparent.png\",\"width\":1280,\"height\":720,\"caption\":\"admin85\"},\"logo\":{\"@id\":\"https:\/\/acabyceline.com\/#\/schema\/person\/image\/\"},\"sameAs\":[\"https:\/\/acabyceline.com\",\"https:\/\/www.linkedin.com\/in\/cline-dupuy-aca-by-cline\/\"]}]}<\/script>\n<!-- \/ Yoast SEO plugin. -->","yoast_head_json":{"title":"Organisation et tr\u00e9sorerie - ACA by C\u00e9line - Assistante ind\u00e9pendante pour tous - ANCRE&amp;BUREAU","robots":{"index":"index","follow":"follow","max-snippet":"max-snippet:-1","max-image-preview":"max-image-preview:large","max-video-preview":"max-video-preview:-1"},"canonical":"https:\/\/acabyceline.com\/index.php\/organisation-et-tresorerie\/","og_locale":"fr_FR","og_type":"article","og_title":"Organisation et tr\u00e9sorerie - ACA by C\u00e9line - Assistante ind\u00e9pendante pour tous - ANCRE&amp;BUREAU","og_description":"G\u00e9rer sa tr\u00e9sorerie est indispensable pour \u00e9viter les impay\u00e9s R\u00e9gler ses fournisseurs permet de b\u00e9n\u00e9ficier d&rsquo;une image de professionnel respectueux","og_url":"https:\/\/acabyceline.com\/index.php\/organisation-et-tresorerie\/","og_site_name":"ACA by C\u00e9line - Assistante ind\u00e9pendante pour tous - ANCRE&amp;BUREAU","article_modified_time":"2023-10-23T16:33:34+00:00","og_image":[{"url":"https:\/\/acabyceline.com\/wp-content\/uploads\/2023\/10\/TRESORERIE-3-1024x576.png","type":"","width":"","height":""}],"twitter_card":"summary_large_image","twitter_misc":{"Dur\u00e9e de lecture estim\u00e9e":"1 minute"},"schema":{"@context":"https:\/\/schema.org","@graph":[{"@type":"WebPage","@id":"https:\/\/acabyceline.com\/index.php\/organisation-et-tresorerie\/","url":"https:\/\/acabyceline.com\/index.php\/organisation-et-tresorerie\/","name":"Organisation et tr\u00e9sorerie - ACA by C\u00e9line - Assistante ind\u00e9pendante pour tous - ANCRE&amp;BUREAU","isPartOf":{"@id":"https:\/\/acabyceline.com\/#website"},"primaryImageOfPage":{"@id":"https:\/\/acabyceline.com\/index.php\/organisation-et-tresorerie\/#primaryimage"},"image":{"@id":"https:\/\/acabyceline.com\/index.php\/organisation-et-tresorerie\/#primaryimage"},"thumbnailUrl":"https:\/\/acabyceline.com\/wp-content\/uploads\/2023\/10\/TRESORERIE-3-1024x576.png","datePublished":"2023-10-23T16:04:43+00:00","dateModified":"2023-10-23T16:33:34+00:00","breadcrumb":{"@id":"https:\/\/acabyceline.com\/index.php\/organisation-et-tresorerie\/#breadcrumb"},"inLanguage":"fr-FR","potentialAction":[{"@type":"ReadAction","target":["https:\/\/acabyceline.com\/index.php\/organisation-et-tresorerie\/"]}]},{"@type":"ImageObject","inLanguage":"fr-FR","@id":"https:\/\/acabyceline.com\/index.php\/organisation-et-tresorerie\/#primaryimage","url":"","contentUrl":""},{"@type":"BreadcrumbList","@id":"https:\/\/acabyceline.com\/index.php\/organisation-et-tresorerie\/#breadcrumb","itemListElement":[{"@type":"ListItem","position":1,"name":"Accueil","item":"https:\/\/acabyceline.com\/"},{"@type":"ListItem","position":2,"name":"Organisation et tr\u00e9sorerie"}]},{"@type":"WebSite","@id":"https:\/\/acabyceline.com\/#website","url":"https:\/\/acabyceline.com\/","name":"ACA by C\u00e9line - Assistante ind\u00e9pendante pour tous - ANCRE&amp;BUREAU","description":"Simplifiez votre quotidien avec des prestations administratives sur mesure","publisher":{"@id":"https:\/\/acabyceline.com\/#\/schema\/person\/fa055a60796298d66def27c97ddde6b9"},"potentialAction":[{"@type":"SearchAction","target":{"@type":"EntryPoint","urlTemplate":"https:\/\/acabyceline.com\/?s={search_term_string}"},"query-input":{"@type":"PropertyValueSpecification","valueRequired":true,"valueName":"search_term_string"}}],"inLanguage":"fr-FR"},{"@type":["Person","Organization"],"@id":"https:\/\/acabyceline.com\/#\/schema\/person\/fa055a60796298d66def27c97ddde6b9","name":"admin85","image":{"@type":"ImageObject","inLanguage":"fr-FR","@id":"https:\/\/acabyceline.com\/#\/schema\/person\/image\/","url":"https:\/\/acabyceline.com\/wp-content\/uploads\/2021\/02\/LOGO-ACA-by-Celine-Assistante-transparent.png","contentUrl":"https:\/\/acabyceline.com\/wp-content\/uploads\/2021\/02\/LOGO-ACA-by-Celine-Assistante-transparent.png","width":1280,"height":720,"caption":"admin85"},"logo":{"@id":"https:\/\/acabyceline.com\/#\/schema\/person\/image\/"},"sameAs":["https:\/\/acabyceline.com","https:\/\/www.linkedin.com\/in\/cline-dupuy-aca-by-cline\/"]}]}},"_links":{"self":[{"href":"https:\/\/acabyceline.com\/index.php\/wp-json\/wp\/v2\/pages\/583","targetHints":{"allow":["GET"]}}],"collection":[{"href":"https:\/\/acabyceline.com\/index.php\/wp-json\/wp\/v2\/pages"}],"about":[{"href":"https:\/\/acabyceline.com\/index.php\/wp-json\/wp\/v2\/types\/page"}],"author":[{"embeddable":true,"href":"https:\/\/acabyceline.com\/index.php\/wp-json\/wp\/v2\/users\/1"}],"replies":[{"embeddable":true,"href":"https:\/\/acabyceline.com\/index.php\/wp-json\/wp\/v2\/comments?post=583"}],"version-history":[{"count":5,"href":"https:\/\/acabyceline.com\/index.php\/wp-json\/wp\/v2\/pages\/583\/revisions"}],"predecessor-version":[{"id":610,"href":"https:\/\/acabyceline.com\/index.php\/wp-json\/wp\/v2\/pages\/583\/revisions\/610"}],"wp:attachment":[{"href":"https:\/\/acabyceline.com\/index.php\/wp-json\/wp\/v2\/media?parent=583"}],"curies":[{"name":"wp","href":"https:\/\/api.w.org\/{rel}","templated":true}]}}